{"id":44015,"date":"2025-11-07T14:15:22","date_gmt":"2025-11-07T13:15:22","guid":{"rendered":"https:\/\/wildwildweed.ch\/produit\/grinder-schwarz-limitierte-edition-wild-wild-weed\/"},"modified":"2025-11-07T14:15:22","modified_gmt":"2025-11-07T13:15:22","slug":"grinder-schwarz-limitierte-edition-wild-wild-weed","status":"publish","type":"product","link":"https:\/\/wildwildweed.ch\/de\/produit\/grinder-schwarz-limitierte-edition-wild-wild-weed\/","title":{"rendered":"Grinder Schwarz &#8211; Limitierte Edition &#8211; Wild Wild Weed"},"content":{"rendered":"<p>Dunkel, robust und ungez\u00e4hmt: Der Schwarze Grinder Wild Wild Weed &#8211; Limitierte Auflage l\u00e4sst niemanden unber\u00fchrt.<\/p>\n<p>Geschmiedet aus eloxiertem Premium-Aluminium, bietet er dank seiner neu gestalteten Z\u00e4hne und des ultrazuverl\u00e4ssigen Neodym-Magnetverschlusses ein k\u00f6niglich fl\u00fcssiges Mahlen.<\/p>\n<p>Seine 4 Kammern sorgen f\u00fcr eine feine Zerkleinerung, ein perfektes Sieb und Pollen, die wie der Schatz eines Cowboys bewahrt werden.<\/p>\n<p>Seine goldene Gravur des Wild Wild Weed-Logos beleuchtet das dunkle, imposante Finish &#8211; ein Kontrast wie bei einem Duell bei Sonnenuntergang.<\/p>\n<p>Ein Grinder, der f\u00fcr chillende Gesetzlose, gr\u00fcne Goldsucher und freie Seelen in der W\u00fcste wie geschaffen ist.<\/p>\n<p>Im Saloon und auf der Stra\u00dfe ist er der wahre Weggef\u00e4hrte des K\u00f6nigs des Wilden Westens \ud83c\udf1e\ud83c\udf1e.<\/p>\n","protected":false},"excerpt":{"rendered":"<p>Schwarzer Grinder Wild Wild Weed 4-teilig. Goldene Gravur, rohe Kraft und der Geist des Wilden Westens \ud83c\udf35\ud83e\udd20. <\/p>\n","protected":false},"featured_media":43990,"comment_status":"open","ping_status":"closed","template":"","meta":{"_monsterinsights_skip_tracking":false,"_monsterinsights_sitenote_active":false,"_monsterinsights_sitenote_note":"","_monsterinsights_sitenote_category":0},"product_brand":[3658],"product_cat":[3654],"product_tag":[],"class_list":{"0":"post-44015","1":"product","2":"type-product","3":"status-publish","4":"has-post-thumbnail","6":"product_brand-wild-wild-weed-de","7":"product_cat-headshop-de","9":"first","10":"instock","11":"taxable","12":"shipping-taxable","13":"purchasable","14":"product-type-simple","15":"add-to-wishlist-after_add_to_cart"},"_links":{"self":[{"href":"https:\/\/wildwildweed.ch\/de\/wp-json\/wp\/v2\/product\/44015","targetHints":{"allow":["GET"]}}],"collection":[{"href":"https:\/\/wildwildweed.ch\/de\/wp-json\/wp\/v2\/product"}],"about":[{"href":"https:\/\/wildwildweed.ch\/de\/wp-json\/wp\/v2\/types\/product"}],"replies":[{"embeddable":true,"href":"https:\/\/wildwildweed.ch\/de\/wp-json\/wp\/v2\/comments?post=44015"}],"wp:featuredmedia":[{"embeddable":true,"href":"https:\/\/wildwildweed.ch\/de\/wp-json\/wp\/v2\/media\/43990"}],"wp:attachment":[{"href":"https:\/\/wildwildweed.ch\/de\/wp-json\/wp\/v2\/media?parent=44015"}],"wp:term":[{"taxonomy":"product_brand","embeddable":true,"href":"https:\/\/wildwildweed.ch\/de\/wp-json\/wp\/v2\/product_brand?post=44015"},{"taxonomy":"product_cat","embeddable":true,"href":"https:\/\/wildwildweed.ch\/de\/wp-json\/wp\/v2\/product_cat?post=44015"},{"taxonomy":"product_tag","embeddable":true,"href":"https:\/\/wildwildweed.ch\/de\/wp-json\/wp\/v2\/product_tag?post=44015"}],"curies":[{"name":"wp","href":"https:\/\/api.w.org\/{rel}","templated":true}]}}