{"id":44013,"date":"2025-11-07T14:14:20","date_gmt":"2025-11-07T13:14:20","guid":{"rendered":"https:\/\/wildwildweed.ch\/produit\/grinder-gold-limitierte-auflage-wild-wild-weed\/"},"modified":"2025-11-07T14:14:20","modified_gmt":"2025-11-07T13:14:20","slug":"grinder-gold-limitierte-auflage-wild-wild-weed","status":"publish","type":"product","link":"https:\/\/wildwildweed.ch\/de\/produit\/grinder-gold-limitierte-auflage-wild-wild-weed\/","title":{"rendered":"Grinder Gold &#8211; Limitierte Auflage &#8211; Wild Wild Weed"},"content":{"rendered":"<p>Yeehaw, Cowboys! Hier kommt der Goldene Grinder Wild Wild Weed &#8211; Limited Edition, das legend\u00e4re Werkzeug f\u00fcr alle, die kompromisslos fahren. <\/p>\n<p>Aus hochwertigem Aluminium gefr\u00e4st, bietet er mit seinen olivenf\u00f6rmigen Z\u00e4hnen und dem starken Magnetsystem ein fl\u00fcssiges und gleichm\u00e4\u00dfiges Mahlen.<\/p>\n<p>Seine 4 Kammern &#8211; Mahlwerk, Pollensieb, Beh\u00e4lter und Abstreifer &#8211; sorgen f\u00fcr eine Effizienz, die den besten Desperados w\u00fcrdig ist.<\/p>\n<p>Mit seinem gl\u00e4nzend goldenen Finish und der schwarzen Wild Wild Weed-Gravur vereint dieser Grinder Eleganz und Charakter.<\/p>\n<p>Ein Accessoire, das f\u00fcr Freigeister, Abenteurer und alle, die nach ihren eigenen Regeln leben, gedacht ist.<\/p>\n<p>In diesem modernen Wilden Westen geht ein echter Cowboy nie ohne seinen Grinder aus dem Haus \ud83c\udf35\ud83d\udd25.<\/p>\n","protected":false},"excerpt":{"rendered":"<p>Goldener 4-teiliger Wild Wild Weed Grinder aus Aluminium. Solide, pr\u00e4zise und vergoldet wie ein Barren aus dem Wilden Westen \ud83e\udd20\u2728. <\/p>\n","protected":false},"featured_media":43996,"comment_status":"open","ping_status":"closed","template":"","meta":{"_monsterinsights_skip_tracking":false,"_monsterinsights_sitenote_active":false,"_monsterinsights_sitenote_note":"","_monsterinsights_sitenote_category":0},"product_brand":[3658],"product_cat":[3654],"product_tag":[],"class_list":{"0":"post-44013","1":"product","2":"type-product","3":"status-publish","4":"has-post-thumbnail","6":"product_brand-wild-wild-weed-de","7":"product_cat-headshop-de","9":"first","10":"instock","11":"taxable","12":"shipping-taxable","13":"purchasable","14":"product-type-simple","15":"add-to-wishlist-after_add_to_cart"},"_links":{"self":[{"href":"https:\/\/wildwildweed.ch\/de\/wp-json\/wp\/v2\/product\/44013","targetHints":{"allow":["GET"]}}],"collection":[{"href":"https:\/\/wildwildweed.ch\/de\/wp-json\/wp\/v2\/product"}],"about":[{"href":"https:\/\/wildwildweed.ch\/de\/wp-json\/wp\/v2\/types\/product"}],"replies":[{"embeddable":true,"href":"https:\/\/wildwildweed.ch\/de\/wp-json\/wp\/v2\/comments?post=44013"}],"wp:featuredmedia":[{"embeddable":true,"href":"https:\/\/wildwildweed.ch\/de\/wp-json\/wp\/v2\/media\/43996"}],"wp:attachment":[{"href":"https:\/\/wildwildweed.ch\/de\/wp-json\/wp\/v2\/media?parent=44013"}],"wp:term":[{"taxonomy":"product_brand","embeddable":true,"href":"https:\/\/wildwildweed.ch\/de\/wp-json\/wp\/v2\/product_brand?post=44013"},{"taxonomy":"product_cat","embeddable":true,"href":"https:\/\/wildwildweed.ch\/de\/wp-json\/wp\/v2\/product_cat?post=44013"},{"taxonomy":"product_tag","embeddable":true,"href":"https:\/\/wildwildweed.ch\/de\/wp-json\/wp\/v2\/product_tag?post=44013"}],"curies":[{"name":"wp","href":"https:\/\/api.w.org\/{rel}","templated":true}]}}