{"id":43721,"date":"2025-10-14T09:12:52","date_gmt":"2025-10-14T07:12:52","guid":{"rendered":"https:\/\/wildwildweed.ch\/?post_type=product&#038;p=43721"},"modified":"2025-10-29T15:32:08","modified_gmt":"2025-10-29T14:32:08","slug":"super-skunk-50g-outdoor-cbd-bluten-wild-wild-weed-copie","status":"publish","type":"product","link":"https:\/\/wildwildweed.ch\/de\/produit\/super-skunk-50g-outdoor-cbd-bluten-wild-wild-weed-copie\/","title":{"rendered":"Trio Sauvage &#8211; Super Skunk (3 x 50 g) &#8211; Outdoor CBD Bl\u00fcten &#8211; Wild Wild Weed"},"content":{"rendered":"<p data-start=\"615\" data-end=\"706\">\ud83e\udd20 S <strong data-start=\"618\" data-end=\"704\">atteln Sie Ihr Reittier und erobern Sie die Super Skunk von Wild Wild Weed!<\/strong><\/p>\n<p data-start=\"708\" data-end=\"998\">Diese <strong data-start=\"722\" data-end=\"733\">Outdoor-Sorte<\/strong> ist ein echter CBD-Klassiker, der f\u00fcr sein kr\u00e4ftiges Aroma und sein reiches Geschmacksprofil gesch\u00e4tzt wird. <strong data-start=\"834\" data-end=\"865\">Erdig und leicht w\u00fcrzig<\/strong>, erinnert ihr robuster Duft an gro\u00dfe Ritte durch die trockenen Ebenen, wo nur echte Cowboys die Natur zu z\u00e4hmen wissen.<\/p>\n<p data-start=\"1000\" data-end=\"1333\">Im Freien unter der sengenden Sonne des <strong data-start=\"1048\" data-end=\"1060\">Wilden Westens<\/strong> angebaut, entwickelt <strong data-start=\"1065\" data-end=\"1080\">Super Skunk<\/strong> tiefe Terpene und eine Dichte an Trichomen, die von ihrer St\u00e4rke zeugen. Mit einem <strong data-start=\"1181\" data-end=\"1215\">CBD-Gehalt von bis zu 20%<\/strong> bietet sie eine intensive und lang anhaltende Entspannung, perfekt f\u00fcr einen Moment der Ruhe nach einem langen Tag auf der Stra\u00dfe.<\/p>\n<p data-start=\"1335\" data-end=\"1572\">\ud83d\udd25 <strong data-start=\"1338\" data-end=\"1374\">Neue Ernte, neue \u00c4ra!<\/strong> <strong data-start=\"1375\" data-end=\"1392\">Calamity Weed<\/strong> kommt mit einem aufgefrischten Look und hochwertigen Outdoor-Sorten. <strong data-start=\"1470\" data-end=\"1485\">Super Skunk<\/strong> ist da keine Ausnahme: ein echtes Juwel aus dem Wilden Westen, das Sie sofort probieren sollten! \ud83c\udf35\ud83d\udca8<\/p>\n","protected":false},"excerpt":{"rendered":"<p data-start=\"240\" data-end=\"599\">\ud83d\udca8 Dreimal so viel Charakter aus dem Wilden Westen! \ud83c\udf35\ud83d\udd25 <\/p>\n<p data-start=\"240\" data-end=\"599\"><strong data-start=\"301\" data-end=\"333\">Calamity Weeds Super Skunk<\/strong> ist ein <strong data-start=\"346\" data-end=\"362\">Trio Sauvage<\/strong> f\u00fcr alle, die ein klares Aroma und eine kontrollierte St\u00e4rke m\u00f6gen.<\/p>\n<p data-start=\"240\" data-end=\"599\">Seine erdigen und w\u00fcrzigen Noten mit einem Hauch von S\u00fc\u00dfe lassen Sie in das Herz der wilden Pr\u00e4rie eintauchen und sorgen f\u00fcr ein ebenso robustes wie authentisches Erlebnis.<\/p>\n<ul>\n<li data-start=\"601\" data-end=\"792\">Menge: 3 x 50 g (150 g insgesamt)<\/li>\n<li data-start=\"601\" data-end=\"792\">THC-Gehalt: &lt;1%<\/li>\n<li data-start=\"601\" data-end=\"792\">CBD-Anteil: bis zu 20%.<\/li>\n<li data-start=\"601\" data-end=\"792\">Geschmack: Erdig, w\u00fcrzig, leicht s\u00fc\u00dflich<\/li>\n<li data-start=\"601\" data-end=\"792\">Kultur: Outdoor (im Freien)<\/li>\n<li data-start=\"601\" data-end=\"792\">Preis pro Gramm: CHF 0.80.<\/li>\n<\/ul>\n","protected":false},"featured_media":43705,"comment_status":"open","ping_status":"closed","template":"","meta":{"_monsterinsights_skip_tracking":false,"_monsterinsights_sitenote_active":false,"_monsterinsights_sitenote_note":"","_monsterinsights_sitenote_category":0},"product_brand":[3658],"product_cat":[3597,3599,3600,3660],"product_tag":[],"class_list":{"0":"post-43721","1":"product","2":"type-product","3":"status-publish","4":"has-post-thumbnail","6":"product_brand-wild-wild-weed-de","7":"product_cat-cbdshop-de","8":"product_cat-cbd-blume","9":"product_cat-cbd-bluten-outdoor","10":"product_cat-wild-packs","12":"first","13":"instock","14":"sale","15":"taxable","16":"shipping-taxable","17":"purchasable","18":"product-type-simple","19":"add-to-wishlist-after_add_to_cart"},"_links":{"self":[{"href":"https:\/\/wildwildweed.ch\/de\/wp-json\/wp\/v2\/product\/43721","targetHints":{"allow":["GET"]}}],"collection":[{"href":"https:\/\/wildwildweed.ch\/de\/wp-json\/wp\/v2\/product"}],"about":[{"href":"https:\/\/wildwildweed.ch\/de\/wp-json\/wp\/v2\/types\/product"}],"replies":[{"embeddable":true,"href":"https:\/\/wildwildweed.ch\/de\/wp-json\/wp\/v2\/comments?post=43721"}],"wp:featuredmedia":[{"embeddable":true,"href":"https:\/\/wildwildweed.ch\/de\/wp-json\/wp\/v2\/media\/43705"}],"wp:attachment":[{"href":"https:\/\/wildwildweed.ch\/de\/wp-json\/wp\/v2\/media?parent=43721"}],"wp:term":[{"taxonomy":"product_brand","embeddable":true,"href":"https:\/\/wildwildweed.ch\/de\/wp-json\/wp\/v2\/product_brand?post=43721"},{"taxonomy":"product_cat","embeddable":true,"href":"https:\/\/wildwildweed.ch\/de\/wp-json\/wp\/v2\/product_cat?post=43721"},{"taxonomy":"product_tag","embeddable":true,"href":"https:\/\/wildwildweed.ch\/de\/wp-json\/wp\/v2\/product_tag?post=43721"}],"curies":[{"name":"wp","href":"https:\/\/api.w.org\/{rel}","templated":true}]}}