{"id":43356,"date":"2025-03-18T13:50:26","date_gmt":"2025-03-18T12:50:26","guid":{"rendered":"https:\/\/wildwildweed.ch\/produit\/strawberry-50g-outdoor-cbd-blueten-wild-wild-weed\/"},"modified":"2025-10-14T09:33:15","modified_gmt":"2025-10-14T07:33:15","slug":"strawberry-50g-outdoor-cbd-blueten-wild-wild-weed","status":"publish","type":"product","link":"https:\/\/wildwildweed.ch\/de\/produit\/strawberry-50g-outdoor-cbd-blueten-wild-wild-weed\/","title":{"rendered":"Strawberry 50g &#8211; Outdoor CBD-Bl\u00fcten &#8211; Wild Wild Weed"},"content":{"rendered":"<p data-start=\"323\" data-end=\"397\">\ud83e\udd20 <strong data-start=\"326\" data-end=\"395\">Mach dich auf den Weg zum Genuss mit der Strawberry von Wild Wild Weed!<\/strong><\/p>\n<p data-start=\"399\" data-end=\"636\">Diese <strong data-start=\"418\" data-end=\"429\">Outdoor-CBD-Bl\u00fcte<\/strong> ist eine wahre Hommage an weite Landschaften und fruchtige Aromen. Mit ihrem intensiven Aroma von s\u00fc\u00dfen Erdbeeren wird sie Liebhaber von Gourmet-Sorten begeistern, die auf der Suche nach einer s\u00fc\u00dfen und ausgewogenen Erfahrung sind. <\/p>\n<p data-start=\"638\" data-end=\"959\">Dank ihres Anbaus im Freien entwickelt die <strong data-start=\"674\" data-end=\"688\">Strawberry<\/strong> ein nat\u00fcrliches und gro\u00dfz\u00fcgiges Profil, das der Ernte der Pioniere w\u00fcrdig ist. Ihr <strong data-start=\"768\" data-end=\"796\">hoher CBD-Gehalt (&lt;20%)<\/strong> macht sie zu einer idealen Verb\u00fcndeten, um sich zu entspannen, ohne die Orientierung zu verlieren, und ihr unschlagbarer Preis erm\u00f6glicht es allen Cowboys, sich f\u00fcr wenig Geld eine Reise der Sinne zu g\u00f6nnen. <\/p>\n<p data-start=\"961\" data-end=\"1215\">\ud83d\udd25 <strong data-start=\"964\" data-end=\"1002\">Neue Ernte, neues Gesicht!<\/strong> <strong data-start=\"1003\" data-end=\"1020\">Calamity Weed<\/strong> g\u00f6nnt sich einen frischen Wind mit dieser Outdoor-Reihe im \u00fcberarbeiteten Look. Also schnappen Sie sich Ihre Roulade, nehmen Sie einen kr\u00e4ftigen Zug und lassen Sie den <strong data-start=\"1165\" data-end=\"1206\">Wilden Westen in Ihren Tag einziehen<\/strong>! \ud83c\udf35\ud83c\udf53 <\/p>\n","protected":false},"excerpt":{"rendered":"<p>Ein Duft von Freiheit und frischen Erdbeeren! \ud83c\udf3f\ud83c\udf53 Die <strong data-start=\"85\" data-end=\"99\">Strawberry<\/strong> von <strong data-start=\"103\" data-end=\"120\">Calamity Weed<\/strong> ist eine <strong data-start=\"142\" data-end=\"153\">Outdoor-CBD-Bl\u00fcte<\/strong> mit einem s\u00fc\u00dfen, bet\u00f6renden Geschmack. Sie wird im Freien unter der Sonne des Wilden Westens angebaut und bietet dir ein authentisches Gourmet-Erlebnis.  <\/p>\n<ul>\n<li><strong>Menge <\/strong>: 50g<\/li>\n<li><strong>THC-Gehalt<\/strong>: &lt;1%<\/li>\n<li><strong>CBD-Anteil<\/strong>: bis zu 20%.<\/li>\n<li><strong>Geschmack<\/strong>: Fruchtig, Erdbeere<\/li>\n<li><strong>Kultur<\/strong>: Outdoor (im Freien)<\/li>\n<li><strong>Preis pro Gramm<\/strong>: CHF 1.-<\/li>\n<\/ul>\n","protected":false},"featured_media":42787,"comment_status":"open","ping_status":"closed","template":"","meta":{"_monsterinsights_skip_tracking":false,"_monsterinsights_sitenote_active":false,"_monsterinsights_sitenote_note":"","_monsterinsights_sitenote_category":0},"product_brand":[3658],"product_cat":[3597,3599,3600],"product_tag":[],"class_list":{"0":"post-43356","1":"product","2":"type-product","3":"status-publish","4":"has-post-thumbnail","6":"product_brand-wild-wild-weed-de","7":"product_cat-cbdshop-de","8":"product_cat-cbd-blume","9":"product_cat-cbd-bluten-outdoor","11":"first","12":"instock","13":"taxable","14":"shipping-taxable","15":"purchasable","16":"product-type-simple","17":"add-to-wishlist-after_add_to_cart"},"_links":{"self":[{"href":"https:\/\/wildwildweed.ch\/de\/wp-json\/wp\/v2\/product\/43356","targetHints":{"allow":["GET"]}}],"collection":[{"href":"https:\/\/wildwildweed.ch\/de\/wp-json\/wp\/v2\/product"}],"about":[{"href":"https:\/\/wildwildweed.ch\/de\/wp-json\/wp\/v2\/types\/product"}],"replies":[{"embeddable":true,"href":"https:\/\/wildwildweed.ch\/de\/wp-json\/wp\/v2\/comments?post=43356"}],"wp:featuredmedia":[{"embeddable":true,"href":"https:\/\/wildwildweed.ch\/de\/wp-json\/wp\/v2\/media\/42787"}],"wp:attachment":[{"href":"https:\/\/wildwildweed.ch\/de\/wp-json\/wp\/v2\/media?parent=43356"}],"wp:term":[{"taxonomy":"product_brand","embeddable":true,"href":"https:\/\/wildwildweed.ch\/de\/wp-json\/wp\/v2\/product_brand?post=43356"},{"taxonomy":"product_cat","embeddable":true,"href":"https:\/\/wildwildweed.ch\/de\/wp-json\/wp\/v2\/product_cat?post=43356"},{"taxonomy":"product_tag","embeddable":true,"href":"https:\/\/wildwildweed.ch\/de\/wp-json\/wp\/v2\/product_tag?post=43356"}],"curies":[{"name":"wp","href":"https:\/\/api.w.org\/{rel}","templated":true}]}}